{"id":20,"date":"2024-12-28T15:40:32","date_gmt":"2024-12-28T15:40:32","guid":{"rendered":"https:\/\/albertwilk.pl\/?page_id=20"},"modified":"2024-12-31T15:27:30","modified_gmt":"2024-12-31T15:27:30","slug":"kontakt","status":"publish","type":"page","link":"https:\/\/albertwilk.pl\/index.php\/kontakt\/","title":{"rendered":"Kontakt"},"content":{"rendered":"\n<p>E-mail: wilkalbert@gmail.com<\/p>\n\n\n\n<p>Tel: 605288447<\/p>\n\n\n\n<p>Instagram: albertwilk_<\/p>\n\n\n\n<p>Treningi personalne prowadz\u0119 w Atlanticsports ul. Stradomska 15, 31-068 Krak\u00f3w (dost\u0119pny parking)<\/p>\n","protected":false},"excerpt":{"rendered":"<p>E-mail: wilkalbert@gmail.com Tel: 605288447 Instagram: albertwilk_ Treningi personalne prowadz\u0119 w Atlanticsports ul. Stradomska 15, 31-068 Krak\u00f3w (dost\u0119pny parking)<\/p>\n","protected":false},"author":1,"featured_media":0,"parent":0,"menu_order":0,"comment_status":"closed","ping_status":"closed","template":"","meta":{"footnotes":""},"class_list":["post-20","page","type-page","status-publish","hentry"],"_links":{"self":[{"href":"https:\/\/albertwilk.pl\/index.php\/wp-json\/wp\/v2\/pages\/20","targetHints":{"allow":["GET"]}}],"collection":[{"href":"https:\/\/albertwilk.pl\/index.php\/wp-json\/wp\/v2\/pages"}],"about":[{"href":"https:\/\/albertwilk.pl\/index.php\/wp-json\/wp\/v2\/types\/page"}],"author":[{"embeddable":true,"href":"https:\/\/albertwilk.pl\/index.php\/wp-json\/wp\/v2\/users\/1"}],"replies":[{"embeddable":true,"href":"https:\/\/albertwilk.pl\/index.php\/wp-json\/wp\/v2\/comments?post=20"}],"version-history":[{"count":3,"href":"https:\/\/albertwilk.pl\/index.php\/wp-json\/wp\/v2\/pages\/20\/revisions"}],"predecessor-version":[{"id":60,"href":"https:\/\/albertwilk.pl\/index.php\/wp-json\/wp\/v2\/pages\/20\/revisions\/60"}],"wp:attachment":[{"href":"https:\/\/albertwilk.pl\/index.php\/wp-json\/wp\/v2\/media?parent=20"}],"curies":[{"name":"wp","href":"https:\/\/api.w.org\/{rel}","templated":true}]}}