{"id":37,"date":"2024-12-28T22:03:43","date_gmt":"2024-12-28T22:03:43","guid":{"rendered":"https:\/\/albertwilk.pl\/?page_id=37"},"modified":"2024-12-31T15:33:31","modified_gmt":"2024-12-31T15:33:31","slug":"oferta","status":"publish","type":"page","link":"https:\/\/albertwilk.pl\/index.php\/oferta\/","title":{"rendered":"Oferta"},"content":{"rendered":"\n<div class=\"wp-block-group alignfull is-content-justification-center\" style=\"margin-top:0;margin-bottom:0\"><div class=\"wp-block-group__inner-container is-layout-constrained wp-block-group-is-layout-constrained\">\n<div style=\"height:1px\" aria-hidden=\"true\" class=\"wp-block-spacer\"><\/div>\n\n\n\n<div class=\"wp-block-group alignwide\"><div class=\"wp-block-group__inner-container is-layout-flow wp-block-group-is-layout-flow\">\n<div class=\"wp-block-group alignwide\"><div class=\"wp-block-group__inner-container is-layout-constrained wp-block-group-is-layout-constrained\">\n<div class=\"wp-block-group alignwide\"><div class=\"wp-block-group__inner-container is-layout-constrained wp-block-group-is-layout-constrained\">\n<h3 class=\"wp-block-heading has-text-align-center\">Nie wiesz co i jak? Po prostu zadzwo\u0144 lub napisz do mnie i obgadamy temat &#8211; to nic nie kosztuje.<\/h3>\n\n\n\n<hr class=\"wp-block-separator has-alpha-channel-opacity\"\/>\n\n\n\n<div class=\"wp-block-columns alignwide are-vertically-aligned-top is-layout-flex wp-container-core-columns-is-layout-ac3ebc3b wp-block-columns-is-layout-flex\">\n<div class=\"wp-block-column is-vertically-aligned-top is-content-justification-left is-layout-constrained wp-container-core-column-is-layout-02d07192 wp-block-column-is-layout-constrained\">\n<h4 class=\"wp-block-heading\">Pojedynczy trening<\/h4>\n<\/div>\n\n\n\n<div class=\"wp-block-column is-vertically-aligned-top is-content-justification-left is-layout-constrained wp-container-core-column-is-layout-02d07192 wp-block-column-is-layout-constrained\">\n<h4 class=\"wp-block-heading\">120z\u0142<br>* pierwszy trening 80z\u0142<br>*druga osoba -50%<\/h4>\n<\/div>\n\n\n\n<div class=\"wp-block-column is-vertically-aligned-top is-layout-flow wp-block-column-is-layout-flow\" style=\"flex-basis:40%\">\n<p>Przed pierwszym treningiem wysy\u0142am Ci ankiet\u0119, aby dowiedzie\u0107 si\u0119, czego oczekujesz. Na pierwszym treningu sprawdzam Twoje mo\u017cliwo\u015bci i sprawno\u015b\u0107. Je\u015bli wyrazisz ch\u0119\u0107 wsp\u00f3\u0142pracy, przygotowuj\u0119 plan i zaczynamy dzia\u0142a\u0107. Oczywi\u015bcie nie musisz kupowa\u0107 pojedynczego treningu \u2013 zaufa\u0107 mi i wzi\u0105\u0107 od razu pakiet.<\/p>\n<\/div>\n<\/div>\n<\/div><\/div>\n<\/div><\/div>\n\n\n\n<div style=\"height:var(--wp--preset--spacing--20)\" aria-hidden=\"true\" class=\"wp-block-spacer\"><\/div>\n<\/div><\/div>\n\n\n\n<div style=\"height:var(--wp--preset--spacing--20)\" aria-hidden=\"true\" class=\"wp-block-spacer\"><\/div>\n\n\n\n<hr class=\"wp-block-separator alignfull has-alpha-channel-opacity is-style-dots\"\/>\n\n\n\n<div class=\"wp-block-columns alignwide are-vertically-aligned-top is-layout-flex wp-container-core-columns-is-layout-ac3ebc3b wp-block-columns-is-layout-flex\">\n<div class=\"wp-block-column is-vertically-aligned-top is-content-justification-left is-layout-constrained wp-container-core-column-is-layout-02d07192 wp-block-column-is-layout-constrained\">\n<h4 class=\"wp-block-heading\">Pakiet 8 trening\u00f3w<\/h4>\n\n\n\n<h4 class=\"wp-block-heading\">Pakiet 24 trening\u00f3w<\/h4>\n<\/div>\n\n\n\n<div class=\"wp-block-column is-vertically-aligned-top is-content-justification-left is-layout-constrained wp-container-core-column-is-layout-02d07192 wp-block-column-is-layout-constrained\">\n<h4 class=\"wp-block-heading\">850z\u0142 *druga osoba -50%<\/h4>\n\n\n\n<h4 class=\"wp-block-heading\">2200z\u0142 *druga osoba -50%<\/h4>\n<\/div>\n\n\n\n<div class=\"wp-block-column is-vertically-aligned-top is-layout-flow wp-block-column-is-layout-flow\" style=\"flex-basis:40%\">\n<p>Bior\u0105c treningi w pakiecie, oszcz\u0119dzasz i pomagasz sobie w osi\u0105gni\u0119ciu celu. Do ka\u017cdego pakietu suplementacja i doradztwo dietetyczne gratis.<\/p>\n<\/div>\n<\/div>\n\n\n\n<hr class=\"wp-block-separator alignfull has-alpha-channel-opacity is-style-dots\"\/>\n\n\n\n<div class=\"wp-block-columns alignwide are-vertically-aligned-top is-layout-flex wp-container-core-columns-is-layout-ac3ebc3b wp-block-columns-is-layout-flex\">\n<div class=\"wp-block-column is-vertically-aligned-top is-content-justification-left is-layout-constrained wp-container-core-column-is-layout-02d07192 wp-block-column-is-layout-constrained\">\n<h4 class=\"wp-block-heading\">Treningi w domu u ciebie<\/h4>\n<\/div>\n\n\n\n<div class=\"wp-block-column is-vertically-aligned-top is-content-justification-left is-layout-constrained wp-container-core-column-is-layout-02d07192 wp-block-column-is-layout-constrained\">\n<h4 class=\"wp-block-heading\">Do uzgodnienia<\/h4>\n<\/div>\n\n\n\n<div class=\"wp-block-column is-vertically-aligned-top is-layout-flow wp-block-column-is-layout-flow\" style=\"flex-basis:40%\">\n<p>Trening u Ciebie to doskona\u0142a opcja dla os\u00f3b, kt\u00f3re maj\u0105 du\u017co na g\u0142owie i nie chc\u0105 doje\u017cd\u017ca\u0107 na si\u0142owni\u0119. Wezm\u0119 ze sob\u0105 lekki sprz\u0119t i potrenujemy u Ciebie. Cena zale\u017cy od pory dnia i lokalizacji.<\/p>\n<\/div>\n<\/div>\n\n\n\n<hr class=\"wp-block-separator has-alpha-channel-opacity is-style-dots\"\/>\n\n\n\n<div class=\"wp-block-columns alignwide are-vertically-aligned-top is-layout-flex wp-container-core-columns-is-layout-ac3ebc3b wp-block-columns-is-layout-flex\">\n<div class=\"wp-block-column is-vertically-aligned-top is-content-justification-left is-layout-constrained wp-container-core-column-is-layout-02d07192 wp-block-column-is-layout-constrained\">\n<h4 class=\"wp-block-heading\">Dostosowany do ciebie plan treningowy<\/h4>\n<\/div>\n\n\n\n<div class=\"wp-block-column is-vertically-aligned-top is-content-justification-left is-layout-constrained wp-container-core-column-is-layout-02d07192 wp-block-column-is-layout-constrained\">\n<h4 class=\"wp-block-heading\">200z\u0142 <\/h4>\n\n\n\n<p>* nie musisz tego mie\u0107 bior\u0105c treningi personalne<\/p>\n<\/div>\n\n\n\n<div class=\"wp-block-column is-vertically-aligned-top is-layout-flow wp-block-column-is-layout-flow\" style=\"flex-basis:40%\">\n<p>Dostosowany do Twoich mo\u017cliwo\u015bci i cel\u00f3w plan treningowy. Wysy\u0142am Ci ankiet\u0119, aby dowiedzie\u0107 si\u0119, czego oczekujesz; na jej podstawie konstruuj\u0119 dla Ciebie plan treningowy. W razie konieczno\u015bci wprowadzimy modyfikacje, je\u015bli jakie\u015b \u0107wiczenia nie b\u0119d\u0105 Ci odpowiada\u0142y, b\u0119d\u0105 za ci\u0119\u017ckie lub za lekkie.<\/p>\n<\/div>\n<\/div>\n\n\n\n<hr class=\"wp-block-separator has-alpha-channel-opacity is-style-dots\"\/>\n\n\n\n<div class=\"wp-block-columns alignwide are-vertically-aligned-top is-layout-flex wp-container-core-columns-is-layout-ac3ebc3b wp-block-columns-is-layout-flex\">\n<div class=\"wp-block-column is-vertically-aligned-top is-content-justification-left is-layout-constrained wp-container-core-column-is-layout-02d07192 wp-block-column-is-layout-constrained\">\n<h4 class=\"wp-block-heading\">Dieta i suplementacja<\/h4>\n<\/div>\n\n\n\n<div class=\"wp-block-column is-vertically-aligned-top is-content-justification-left is-layout-constrained wp-container-core-column-is-layout-02d07192 wp-block-column-is-layout-constrained\">\n<h4 class=\"wp-block-heading\">200z\u0142<\/h4>\n\n\n\n<p><\/p>\n<\/div>\n\n\n\n<div class=\"wp-block-column is-vertically-aligned-top is-layout-flow wp-block-column-is-layout-flow\" style=\"flex-basis:40%\">\n<p>Spersonalizowana dieta i suplementacja dostosowana do Twojego stylu \u017cywieniowego. Wysy\u0142am Ci ankiet\u0119, aby dowiedzie\u0107 si\u0119 szczeg\u00f3\u0142\u00f3w dotycz\u0105cych Twoich preferencji dietetycznych, przeciwwskaza\u0144 i innych danych. Nast\u0119pnie, w oparciu o dostarczone informacje, konstruuj\u0119 dla Ciebie diet\u0119, kt\u00f3r\u0105 p\u00f3\u017aniej mo\u017cemy modyfikowa\u0107.<\/p>\n<\/div>\n<\/div>\n\n\n\n<hr class=\"wp-block-separator has-alpha-channel-opacity is-style-dots\"\/>\n\n\n\n<div class=\"wp-block-columns alignwide are-vertically-aligned-top is-layout-flex wp-container-core-columns-is-layout-ac3ebc3b wp-block-columns-is-layout-flex\">\n<div class=\"wp-block-column is-vertically-aligned-top is-content-justification-left is-layout-constrained wp-container-core-column-is-layout-02d07192 wp-block-column-is-layout-constrained\">\n<h4 class=\"wp-block-heading\">Mentoring<\/h4>\n<\/div>\n\n\n\n<div class=\"wp-block-column is-vertically-aligned-top is-content-justification-left is-layout-constrained wp-container-core-column-is-layout-02d07192 wp-block-column-is-layout-constrained\">\n<h4 class=\"wp-block-heading\">80z\u0142<\/h4>\n\n\n\n<p>Rozmowa telefoniczna, Skype lub inne komunikatory<\/p>\n<\/div>\n\n\n\n<div class=\"wp-block-column is-vertically-aligned-top is-layout-flow wp-block-column-is-layout-flow\" style=\"flex-basis:40%\">\n<p>Wsparcie w drodze do osi\u0105gni\u0119cia cel\u00f3w sylwetkowych, a tak\u017ce: wyznaczanie cel\u00f3w, usuwanie z\u0142ych nawyk\u00f3w, wprowadzanie dobrych, budowanie pewno\u015bci siebie, dyscypliny, zwi\u0119kszanie poczucia w\u0142asnej warto\u015bci, wyzbywanie si\u0119 zb\u0119dnego wstydu i wiele innych problem\u00f3w mentalnych, kt\u00f3re s\u0105 do przepracowania.<\/p>\n<\/div>\n<\/div>\n\n\n\n<hr class=\"wp-block-separator has-alpha-channel-opacity is-style-dots\"\/>\n\n\n\n<hr class=\"wp-block-separator alignfull has-alpha-channel-opacity is-style-wide\"\/>\n\n\n\n<h3 class=\"wp-block-heading has-text-align-center\">Nie d\u0142ugo w ofercie:<\/h3>\n\n\n\n<hr class=\"wp-block-separator has-alpha-channel-opacity is-style-default\"\/>\n\n\n\n<div class=\"wp-block-columns alignwide are-vertically-aligned-top is-layout-flex wp-container-core-columns-is-layout-ac3ebc3b wp-block-columns-is-layout-flex\">\n<div class=\"wp-block-column is-vertically-aligned-top is-content-justification-left is-layout-constrained wp-container-core-column-is-layout-02d07192 wp-block-column-is-layout-constrained\">\n<h4 class=\"wp-block-heading\">Dieta d\u0142ugowieczno\u015bci <\/h4>\n<\/div>\n\n\n\n<div class=\"wp-block-column is-vertically-aligned-top is-content-justification-left is-layout-constrained wp-container-core-column-is-layout-02d07192 wp-block-column-is-layout-constrained\">\n<h2 class=\"wp-block-heading\"><\/h2>\n\n\n\n<p><\/p>\n<\/div>\n\n\n\n<div class=\"wp-block-column is-vertically-aligned-top is-layout-flow wp-block-column-is-layout-flow\" style=\"flex-basis:40%\">\n<p>Dieta ukierunkowana na d\u0142ugowieczno\u015b\u0107. Perfekcyjnie skomponowana pod wzgl\u0119dem mikro- i makrosk\u0142adnik\u00f3w, bior\u0105c pod uwag\u0119 Twoje preferencje \u017cywieniowe. Skomponuj\u0119 j\u0105 dla Ciebie w wersji wega\u0144skiej, wegetaria\u0144skiej lub mi\u0119snej. Zasugeruj\u0119 Ci wyb\u00f3r, ale je\u015bli masz ju\u017c jakie\u015b za\u0142o\u017cenia dietetyczne, to nie ma problemu.<\/p>\n<\/div>\n<\/div>\n\n\n\n<hr class=\"wp-block-separator has-alpha-channel-opacity is-style-dots\"\/>\n\n\n\n<div class=\"wp-block-columns alignwide are-vertically-aligned-top is-layout-flex wp-container-core-columns-is-layout-ac3ebc3b wp-block-columns-is-layout-flex\">\n<div class=\"wp-block-column is-vertically-aligned-top is-content-justification-left is-layout-constrained wp-container-core-column-is-layout-02d07192 wp-block-column-is-layout-constrained\">\n<h4 class=\"wp-block-heading\">Suplementacja d\u0142ugowieczno\u015bci<\/h4>\n<\/div>\n\n\n\n<div class=\"wp-block-column is-vertically-aligned-top is-content-justification-left is-layout-constrained wp-container-core-column-is-layout-02d07192 wp-block-column-is-layout-constrained\">\n<h2 class=\"wp-block-heading\"><\/h2>\n\n\n\n<p><\/p>\n<\/div>\n\n\n\n<div class=\"wp-block-column is-vertically-aligned-top is-layout-flow wp-block-column-is-layout-flow\" style=\"flex-basis:40%\">\n<p>Dob\u00f3r odpowiedniej suplementacji skierowanej na r\u00f3\u017cne aspekty d\u0142ugowieczno\u015bci. Dostosowana do Twoich zasob\u00f3w i stylu \u017cycia.<\/p>\n<\/div>\n<\/div>\n\n\n\n<hr class=\"wp-block-separator has-alpha-channel-opacity is-style-dots\"\/>\n\n\n\n<div class=\"wp-block-columns alignwide are-vertically-aligned-top is-layout-flex wp-container-core-columns-is-layout-ac3ebc3b wp-block-columns-is-layout-flex\">\n<div class=\"wp-block-column is-vertically-aligned-top is-content-justification-left is-layout-constrained wp-container-core-column-is-layout-02d07192 wp-block-column-is-layout-constrained\">\n<h4 class=\"wp-block-heading\">Mentoring d\u0142ugowieczno\u015bci<\/h4>\n<\/div>\n\n\n\n<div class=\"wp-block-column is-vertically-aligned-top is-content-justification-left is-layout-constrained wp-container-core-column-is-layout-02d07192 wp-block-column-is-layout-constrained\">\n<h2 class=\"wp-block-heading\"><\/h2>\n\n\n\n<p><\/p>\n<\/div>\n\n\n\n<div class=\"wp-block-column is-vertically-aligned-top is-layout-flow wp-block-column-is-layout-flow\" style=\"flex-basis:40%\">\n<p>Ca\u0142kowite wsparcie w przej\u015bciu na zdrowy, d\u0142ugowieczny tryb \u017cycia. Pomoc w regulacji rytmu dobowego, doborze diety, suplementacji i treningu. Wsparcie mentalne.<\/p>\n<\/div>\n<\/div>\n\n\n\n<hr class=\"wp-block-separator has-alpha-channel-opacity is-style-dots\"\/>\n<\/div><\/div>\n","protected":false},"excerpt":{"rendered":"<p>Nie wiesz co i jak? Po prostu zadzwo\u0144 lub napisz do mnie i obgadamy temat &#8211; to nic nie kosztuje. Pojedynczy trening 120z\u0142* pierwszy trening 80z\u0142*druga osoba -50% Przed pierwszym &hellip; <\/p>\n","protected":false},"author":1,"featured_media":0,"parent":0,"menu_order":0,"comment_status":"closed","ping_status":"closed","template":"","meta":{"footnotes":""},"class_list":["post-37","page","type-page","status-publish","hentry"],"_links":{"self":[{"href":"https:\/\/albertwilk.pl\/index.php\/wp-json\/wp\/v2\/pages\/37","targetHints":{"allow":["GET"]}}],"collection":[{"href":"https:\/\/albertwilk.pl\/index.php\/wp-json\/wp\/v2\/pages"}],"about":[{"href":"https:\/\/albertwilk.pl\/index.php\/wp-json\/wp\/v2\/types\/page"}],"author":[{"embeddable":true,"href":"https:\/\/albertwilk.pl\/index.php\/wp-json\/wp\/v2\/users\/1"}],"replies":[{"embeddable":true,"href":"https:\/\/albertwilk.pl\/index.php\/wp-json\/wp\/v2\/comments?post=37"}],"version-history":[{"count":5,"href":"https:\/\/albertwilk.pl\/index.php\/wp-json\/wp\/v2\/pages\/37\/revisions"}],"predecessor-version":[{"id":62,"href":"https:\/\/albertwilk.pl\/index.php\/wp-json\/wp\/v2\/pages\/37\/revisions\/62"}],"wp:attachment":[{"href":"https:\/\/albertwilk.pl\/index.php\/wp-json\/wp\/v2\/media?parent=37"}],"curies":[{"name":"wp","href":"https:\/\/api.w.org\/{rel}","templated":true}]}}